{"id":37,"date":"2020-07-23T15:28:19","date_gmt":"2020-07-23T13:28:19","guid":{"rendered":"http:\/\/deselbiana.pl\/?page_id=37"},"modified":"2020-07-23T21:42:44","modified_gmt":"2020-07-23T19:42:44","slug":"lancuch-translacyjny","status":"publish","type":"page","link":"https:\/\/deselbiana.pl\/index.php\/lancuch-translacyjny\/","title":{"rendered":"\u0141a\u0144cuch translacyjny"},"content":{"rendered":"\n<p><strong>Strona ta po\u015bwi\u0119cona jest ideom nawi\u0105zuj\u0105cym do my\u015bli zapoznanego geniusza wszechnauk de Selby&#8217;ego.<\/strong><br>UWAGA! Poni\u017cej prezentujemy demonstracyjn\u0105 wersj\u0119 \u0142a\u0144cucha translacyjnego stworzonego za pomoc\u0105 <a href=\"http:\/\/translate.google.pl\/\" target=\"_blank\" rel=\"noreferrer noopener\">Translatora Google<\/a>. Dzi\u0119ki temu mo\u017cecie Pa\u0144stwo pozna\u0107 my\u015bl de Selby\u2019ego nie tylko we w\u0142asnym j\u0119zyku, ale wzbogacon\u0105 o nowe tre\u015bci ukryte w oryginale, tym bardziej \u017ce nie ingerowano w dokonane przek\u0142ady!<\/p>\n\n\n\n<div class=\"wp-block-image is-style-rounded\"><figure class=\"aligncenter size-large is-resized\"><img loading=\"lazy\" decoding=\"async\" src=\"http:\/\/deselbiana.pl\/wp-content\/uploads\/2020\/07\/fobrienK.jpg\" alt=\"\" class=\"wp-image-55\" width=\"212\" height=\"289\" srcset=\"https:\/\/deselbiana.pl\/wp-content\/uploads\/2020\/07\/fobrienK.jpg 329w, https:\/\/deselbiana.pl\/wp-content\/uploads\/2020\/07\/fobrienK-220x300.jpg 220w\" sizes=\"(max-width: 212px) 100vw, 212px\" \/><\/figure><\/div>\n\n\n\n<p><strong>ATTENTION! If You want to help, try to translate the texts, inspired by de Selby. You can also send other articles about the life and thoughts of de Selby. Thank You!<\/strong><br><a href=\"mailto:deselby@interia.pl\">Mail<\/a><\/p>\n\n\n\n<h3 class=\"wp-block-heading\">Dlaczego de Selby zamilk\u0142?<\/h3>\n\n\n\n<p>De Selby skierowa\u0142 do spo\u0142eczno\u015bci naukowej or\u0119dzie, w kt\u00f3rym wezwa\u0142, by nie dyskutowa\u0107 o zjawiskach, kt\u00f3re nie zosta\u0142y w pe\u0142ni wyja\u015bnione. Intencj\u0105 My\u015bliciela by\u0142o &#8222;oczyszczenie&#8221; nauki. Sam postanowi\u0142 da\u0107 przyk\u0142ad odpowiedzialnego uprawiania nauki i w zwi\u0105zku z tym zaprzesta\u0142 publikacji swoich prac oraz prowadzenia prelekcji. Hatchjaw wyrazi\u0142 \u017cal, \u017ce &#8222;zamilkni\u0119cie de Selby&#8217;ego z pewno\u015bci\u0105 pozbawi\u0142o \u015bwiat nauki wielu wspania\u0142ych odkry\u0107&#8221;. Garbandier stwierdzi\u0142, \u017ce Hatchjaw winien pod\u0105\u017cy\u0107 \u015bladami swojego mistrza i zaprzesta\u0107 bezproduktywnego zaczerniania papieru. Kraus natomiast przedstawi\u0142 dziwaczn\u0105 hipotez\u0119, jakoby zamilkni\u0119cie de Selby&#8217;ego by\u0142o wybiegiem maj\u0105cym na celu zmylenie oponent\u00f3w i windykator\u00f3w. De Selby rzekomo mia\u0142 dalej prowadzi\u0107 swoj\u0105 dzia\u0142alno\u015b\u0107 zmieniaj\u0105c nieustannie pseudonimy. Niekt\u00f3re z rozszyfrowanych przez Krausa pseudonim\u00f3w, to: O&#8217;Brien, du Garbandier, Hatchjaw, Le Fournier, Bassett, Henderson, Le Clerque, Kraus. Du Garbandier w odpowiedzi zasugerowa\u0142, \u017ce g\u0142\u0119bia my\u015bli Krausa &#8222;si\u0119ga co najwy\u017cej dna butelki z piwem, kt\u00f3rym musia\u0142 si\u0119 On raczy\u0107 w trakcie tworzenia swojej beznadziejnej hipotezy&#8221;.<\/p>\n\n\n\n<h3 class=\"wp-block-heading\">Why de Selby silent?<\/h3>\n\n\n\n<p>De Selby came to the scientific community the message, which urged not to discuss the phenomena that have not been fully elucidated. Thinker&#8217;s intention was to &#8222;purify&#8221; science. Sam decided to give an example of responsible practice of science and, therefore, ceased publication of their work and conduct lectures. Hatchjaw regretted that &#8222;silence de Selby&#8217;ego certainly deprived the world of science many great discoveries.&#8221; Garbandier said that Hatchjaw should follow in the footsteps of his master and to stop unproductive zaczerniania paper. Kraus presented the bizarre hypothesis that silence de Selby&#8217;ego was aimed at rundown confuse opponents and debt collectors. De Selby was supposed to continue their activities are constantly changing aliases. Some of decrypted by Kraus nicknames are: O&#8217;Brien, du Garbandier, Hatchjaw, Le Fournier, Bassett, Henderson, Le Clerque, Kraus. Du Garbandier in response suggested that the depth of thought Kraus&#8217; reaches at most the bottom of a bottle of beer, which he had to stoop in the making of his hopeless hypothesis.&#8221;<\/p>\n\n\n\n<h3 class=\"wp-block-heading\">C\u00e9n f\u00e1th de Selby adh?<\/h3>\n\n\n\n<p>De Selby th\u00e1inig go dt\u00ed an bpobal eola\u00edoch an teachtaireacht, a d&#8217;\u00e1itigh nach chun pl\u00e9 a dh\u00e9anamh feinim\u00e9in nach bhfuil a shoil\u00e9iri\u00fa go hioml\u00e1n. Smaointeoir r\u00fan a bh\u00ed le &#8222;purify&#8221; eola\u00edocht. Sam chinn sampla a thabhairt de chleachtas at\u00e1 freagrach as na heola\u00edochta agus, d\u00e1 bhr\u00ed sin, cuireadh deireadh le foilsi\u00fa a gcuid oibre agus l\u00e9achta\u00ed a sheoladh. Hatchjaw c\u00fais aif\u00e9ala &#8222;dh\u00edothacha tost de Selby&#8217;ego cinnte an domhan na heola\u00edochta fionnachtana m\u00f3r go leor.&#8221; Garbandier d\u00fairt gur cheart go Hatchjaw a lean\u00faint i footsteps a mh\u00e1istir agus chun p\u00e1ip\u00e9ar zaczerniania neamhth\u00e1irgi\u00fail stad. Kraus i l\u00e1thair an hipit\u00e9is aisteach a bh\u00ed d\u00edrithe ci\u00fanas de Selby&#8217;ego ag rundown am\u00fa maidir opponents agus bailitheoir\u00ed fiach. Bh\u00ed ceaptha De Selby lean\u00faint d\u00e1 ngn\u00edomha\u00edochta\u00ed at\u00e1 ag athr\u00fa i gc\u00f3na\u00ed ailiasanna. T\u00e1 cuid de decrypted ag nicknames Kraus iad: O&#8217;Brien, du Garbandier, Hatchjaw, Le Fournier, Bassett, Henderson, Le Clerque, Kraus. Du Garbandier mar fhreagra le fios gur sh\u00edl an doimhneacht Kraus 'sroicheann ag an chuid is m\u00f3 bun an buid\u00e9al beorach, a bh\u00ed air stoop i nd\u00e9anamh d\u00e1 hipit\u00e9is hopeless.&#8221;<\/p>\n\n\n\n<h3 class=\"wp-block-heading\">De Selby Pourquoi le silence?<\/h3>\n\n\n\n<p>De Selby est venu pour la communaut\u00e9 scientifique du message, qui a exhort\u00e9 \u00e0 ne pas discuter les ph\u00e9nom\u00e8nes ne sont pas totalement \u00e9lucid\u00e9es. Penseur intention de \u00abpurifier\u00bb la science. Sam a d\u00e9cid\u00e9 de donner un exemple de pratique responsable de la science et, par cons\u00e9quent, cess\u00e9 de publier leurs travaux et conf\u00e9rences conduite. Hatchjaw regrettable &#8222;le silence des Selby&#8217;ego doute priv\u00e9 le monde de la science de nombreuses grandes d\u00e9couvertes.&#8221; Garbandier Hatchjaw soulign\u00e9 la n\u00e9cessit\u00e9 de suivre les traces de son ma\u00eetre et d&#8217;arr\u00eater neamhth\u00e1irgi\u00fail zaczerniania papier. Kraus a pr\u00e9sent\u00e9 l&#8217;hypoth\u00e8se \u00e9tranges destin\u00e9es \u00e0 un silence diminution des effectifs de Selby&#8217;ego tromper leurs adversaires et les collectionneurs de la dette. De Selby a \u00e9t\u00e9 nomm\u00e9 pour poursuivre leurs activit\u00e9s par des alias \u00e9volution. Certains sont d\u00e9crypt\u00e9es par les surnoms Kraus: O&#8217;Brien, du Garbandier, Hatchjaw Avec Fournier, Bassett, Henderson, Avec Clerque, Kraus. Du Garbandier r\u00e9ponse indique que la profondeur de la pens\u00e9e de Kraus atteint le bas la plupart des bouteilles de bi\u00e8re, il avait \u00e0 se pencher dans son hypoth\u00e8se faite sans espoir.&#8221;<\/p>\n\n\n\n<h3 class=\"wp-block-heading\">Selby Pro\u010d to ticho?<\/h3>\n\n\n\n<p>Selby p\u0159i\u0161el pro v\u011bdeckou komunitu zpr\u00e1vu, kter\u00e1 nal\u00e9h\u00e1, aby diskutovali o jevy, kter\u00e9 nejsou pln\u011b pochopeny. Myslitel z\u00e1m\u011bru &#8222;o\u010distit&#8221; v\u011bda. Sam se rozhodl d\u00e1t p\u0159\u00edklad zodpov\u011bdn\u00e9 praxe v\u011bdy, a proto p\u0159estal vyd\u00e1vat sv\u00e9 pr\u00e1ce a chov\u00e1n\u00ed p\u0159edn\u00e1\u0161ky. Hatchjaw politov\u00e1n\u00edhodn\u00e9 &#8222;ml\u010den\u00ed Selby&#8217;ego pravd\u011bpodobn\u011b p\u0159ipravil sv\u011bta v\u011bdy mnoha velk\u00fdch objev\u016f.&#8221; Garbandier Hatchjaw zd\u016fraznil, \u017ee je t\u0159eba j\u00edt ve stop\u00e1ch sv\u00e9ho p\u00e1na a zastavit neamhth\u00e1irgi\u00fail zaczerniania pap\u00edr. Kraus p\u0159edstavil hypot\u00e9zu podivn\u00e9 ticho n\u00e1m\u011bty Selby&#8217;ego oklamat soupe\u0159e a dluhu sb\u011bratele. Selby byl jmenov\u00e1n, aby pokra\u010dovaly ve sv\u00e9 \u010dinnosti zm\u011bnou p\u0159ezd\u00edvek. N\u011bkter\u00e9 p\u0159ezd\u00edvky jsou de\u0161ifrov\u00e1ny Kraus: O&#8217;Brien z Garbandier, Hatchjaw S Fournier, Bassett, Henderson, se CLERQUES Kraus. Garbandier odpov\u011bd\u00ed vypl\u00fdv\u00e1, \u017ee hloubka my\u0161lenka Kraus dos\u00e1hl dna nejv\u00edce lahv\u00ed piva, musel pod\u00edvat do jeho p\u0159edpoklad, bez nad\u011bje.&#8221;<\/p>\n\n\n\n<h3 class=\"wp-block-heading\">Quid Selby silentium?<\/h3>\n\n\n\n<p>Selby fama pervenit ad scientificum commune, quod non plene phaenomenis disserere coegerunt. PHILOSOPHUS intentionem 'purificare&#8217; scientia. Sam statuit exemplum scientia praestat usus, et ideo cessavit edendi lectures opere peragere. LAMENTARIUS Hatchjaw 'forsit Selby&#8217;ego silentio posuit universitas scientiarum inventis multa. &#8222;Garbandier Hatchjaw illustraverat necessitatem stare et vestigia domini neamhth\u00e1irgi\u00fail zaczerniania paper. Kraus induxit silentium indicente Selby&#8217;ego hypothesis alieni reatus decumanorum adversarii et fallere. Neque transmutando nicknames activitati Selby constitutus. Alii sunt nicknames decrypted Kraus: O&#8217;Brien ex Garbandier, S Hatchjaw Fournier, Bassett, Henderson, in CLERQUES Kraus. Responsiones ad designandum quod in profundum in corde Garbandier Kraus imo maxime utres magna fuit aspicere in assumpto, sine spe.&#8221;<\/p>\n\n\n\n<h3 class=\"wp-block-heading\">Selby Was zum Schweigen bringen?<\/h3>\n\n\n\n<p>Selby gemeinsamen Ger\u00fccht kam auf die wissenschaftliche, die nicht vollst\u00e4ndig zu diskutieren Ph\u00e4nomene versammelt. PHILOSOPH Absicht &#8222;zu reinigen&#8221; Wissenschaft. Sam beschlossen, ein Beispiel f\u00fcr Wissen zu nutzen ist besser, und deshalb nicht mehr die Arbeit von Vortr\u00e4gen durchgef\u00fchrt ver\u00f6ffentlichen. Whist Hatchjaw 'Selby&#8217;ego wahrscheinlich stellen eine Welt der Stille gefunden worden war, viele der Wissenschaften. &#8222;Garbandier Hatchjaw betonte die Notwendigkeit zu stehen und in die Fussstapfen des Herrn neamhth\u00e1irgi\u00fail zaczerniania Papier folgen Selby&#8217;ego Vorschl\u00e4ge von Kraus brachte Stille, um Gegner und Sammler der Schulden der anderen Hypothese zu t\u00e4uschen Selby ernannt T\u00e4tigkeit oder durch \u00c4nderung Spitznamen Decrypted Kraus Spitznamen Es gibt noch andere:&#8230; Aus dem Garbandier O&#8217;Brien, S Fournier Hatchjaw , Bassett, Henderson, in CLERQUES Kraus. Garbandier Reaktionen tief im Herzen, um zu signalisieren, dass Kraus gross war, um am Ende die meisten Flaschen in seiner Annahme, schauen, ohne Hoffnung.&#8221;<\/p>\n\n\n\n<h3 class=\"wp-block-heading\">Selby przynie\u015b\u0107 Co do milczenia?<\/h3>\n\n\n\n<p>Selby wsp\u00f3lnego plotka wymy\u015bli\u0142 naukowych, w pe\u0142ni zmontowane, aby nie dyskutowa\u0107 zjawisk. Zamiar FILOZOF &#8222;oczy\u015bci\u0107&#8221; nauki. Sam postanowi\u0142 wykorzysta\u0107 przyk\u0142ad wiedza jest lepiej, i dlatego nie publikuje prace wykonane przez wyk\u0142ad\u00f3w. Whist Hatchjaw &#8222;Selby&#8217;ego prawdopodobnie dokona\u0107 \u015bwiat ciszy zosta\u0142y znalezione, wiele nauk. &#8222;Garbandier Hatchjaw podkre\u015bli\u0142 potrzeb\u0119 stan\u0105\u0107 i p\u00f3j\u015b\u0107 w \u015blady Pana neamhth\u00e1irgi\u00fail zaczerniania propozycje Selby&#8217;ego papieru Kraus wnie\u015bli cisz\u0119 oszuka\u0107 przeciwnik\u00f3w i kolekcjoner\u00f3w d\u0142ug\u00f3w inne hipotezy Selby mianowany przez dzia\u0142alno\u015b\u0107 lub zmieni\u0107 nicki Odszyfrowane Kraus To pseudonim jeszcze inni. &#8230; Z Garbandier O&#8217;Brien, S Fournier Hatchjaw, Bassett, Henderson, w CLERQUES Kraus reakcje Garbandier g\u0142\u0119boko w sercu, na sygna\u0142, \u017ce Kraus by\u0142 wielki na ko\u0144cu wi\u0119kszo\u015bci butelek w swoim za\u0142o\u017ceniu , wygl\u0105d bez nadziei.&#8221;<\/p>\n\n\n\n<p><\/p>\n\n\n\n<p><a href=\"mailto:deselbiana@deselbiana.pl\">Kontakt<\/a><\/p>\n","protected":false},"excerpt":{"rendered":"<p>Strona ta po\u015bwi\u0119cona jest ideom nawi\u0105zuj\u0105cym do my\u015bli zapoznanego geniusza wszechnauk de Selby&#8217;ego.UWAGA! Poni\u017cej prezentujemy demonstracyjn\u0105 wersj\u0119 \u0142a\u0144cucha translacyjnego stworzonego za pomoc\u0105 Translatora Google. Dzi\u0119ki temu mo\u017cecie Pa\u0144stwo pozna\u0107 my\u015bl de Selby\u2019ego nie tylko we w\u0142asnym j\u0119zyku, ale wzbogacon\u0105 o nowe tre\u015bci ukryte w oryginale, tym bardziej \u017ce nie ingerowano w dokonane przek\u0142ady! ATTENTION! If [&hellip;]<\/p>\n","protected":false},"author":1,"featured_media":0,"parent":0,"menu_order":0,"comment_status":"closed","ping_status":"closed","template":"","meta":{"footnotes":""},"yoast_head":"<!-- This site is optimized with the Yoast SEO plugin v15.1.1 - https:\/\/yoast.com\/wordpress\/plugins\/seo\/ -->\n<title>\u0141a\u0144cuch translacyjny - deselbiana.pl<\/title>\n<meta name=\"robots\" content=\"index, follow, max-snippet:-1, max-image-preview:large, max-video-preview:-1\" \/>\n<link rel=\"canonical\" href=\"https:\/\/deselbiana.pl\/index.php\/lancuch-translacyjny\/\" \/>\n<meta property=\"og:locale\" content=\"pl_PL\" \/>\n<meta property=\"og:type\" content=\"article\" \/>\n<meta property=\"og:title\" content=\"\u0141a\u0144cuch translacyjny - deselbiana.pl\" \/>\n<meta property=\"og:description\" content=\"Strona ta po\u015bwi\u0119cona jest ideom nawi\u0105zuj\u0105cym do my\u015bli zapoznanego geniusza wszechnauk de Selby&#8217;ego.UWAGA! Poni\u017cej prezentujemy demonstracyjn\u0105 wersj\u0119 \u0142a\u0144cucha translacyjnego stworzonego za pomoc\u0105 Translatora Google. Dzi\u0119ki temu mo\u017cecie Pa\u0144stwo pozna\u0107 my\u015bl de Selby\u2019ego nie tylko we w\u0142asnym j\u0119zyku, ale wzbogacon\u0105 o nowe tre\u015bci ukryte w oryginale, tym bardziej \u017ce nie ingerowano w dokonane przek\u0142ady! ATTENTION! If [&hellip;]\" \/>\n<meta property=\"og:url\" content=\"https:\/\/deselbiana.pl\/index.php\/lancuch-translacyjny\/\" \/>\n<meta property=\"og:site_name\" content=\"deselbiana.pl\" \/>\n<meta property=\"article:modified_time\" content=\"2020-07-23T19:42:44+00:00\" \/>\n<meta property=\"og:image\" content=\"http:\/\/deselbiana.pl\/wp-content\/uploads\/2020\/07\/fobrienK.jpg\" \/>\n<meta name=\"twitter:card\" content=\"summary_large_image\" \/>\n<script type=\"application\/ld+json\" class=\"yoast-schema-graph\">{\"@context\":\"https:\/\/schema.org\",\"@graph\":[{\"@type\":[\"Person\",\"Organization\"],\"@id\":\"https:\/\/deselbiana.pl\/#\/schema\/person\/8bfb30e482d61fc983aa61e55c652a20\",\"name\":\"hieronim.kruszewski\",\"image\":{\"@type\":\"ImageObject\",\"@id\":\"https:\/\/deselbiana.pl\/#personlogo\",\"inLanguage\":\"pl-PL\",\"url\":\"https:\/\/secure.gravatar.com\/avatar\/7a33c9fdd2fcb43dac639fd9695db59e?s=96&d=mm&r=g\",\"caption\":\"hieronim.kruszewski\"},\"logo\":{\"@id\":\"https:\/\/deselbiana.pl\/#personlogo\"},\"sameAs\":[\"http:\/\/deselbiana.pl\"]},{\"@type\":\"WebSite\",\"@id\":\"https:\/\/deselbiana.pl\/#website\",\"url\":\"https:\/\/deselbiana.pl\/\",\"name\":\"deselbiana.pl\",\"description\":\"De Selby - \\u017cycie i tw\\u00f3rczo\\u015b\\u0107\",\"publisher\":{\"@id\":\"https:\/\/deselbiana.pl\/#\/schema\/person\/8bfb30e482d61fc983aa61e55c652a20\"},\"potentialAction\":[{\"@type\":\"SearchAction\",\"target\":\"https:\/\/deselbiana.pl\/?s={search_term_string}\",\"query-input\":\"required name=search_term_string\"}],\"inLanguage\":\"pl-PL\"},{\"@type\":\"ImageObject\",\"@id\":\"https:\/\/deselbiana.pl\/index.php\/lancuch-translacyjny\/#primaryimage\",\"inLanguage\":\"pl-PL\",\"url\":\"http:\/\/deselbiana.pl\/wp-content\/uploads\/2020\/07\/fobrienK.jpg\"},{\"@type\":\"WebPage\",\"@id\":\"https:\/\/deselbiana.pl\/index.php\/lancuch-translacyjny\/#webpage\",\"url\":\"https:\/\/deselbiana.pl\/index.php\/lancuch-translacyjny\/\",\"name\":\"\\u0141a\\u0144cuch translacyjny - deselbiana.pl\",\"isPartOf\":{\"@id\":\"https:\/\/deselbiana.pl\/#website\"},\"primaryImageOfPage\":{\"@id\":\"https:\/\/deselbiana.pl\/index.php\/lancuch-translacyjny\/#primaryimage\"},\"datePublished\":\"2020-07-23T13:28:19+00:00\",\"dateModified\":\"2020-07-23T19:42:44+00:00\",\"inLanguage\":\"pl-PL\",\"potentialAction\":[{\"@type\":\"ReadAction\",\"target\":[\"https:\/\/deselbiana.pl\/index.php\/lancuch-translacyjny\/\"]}]}]}<\/script>\n<!-- \/ Yoast SEO plugin. -->","_links":{"self":[{"href":"https:\/\/deselbiana.pl\/index.php\/wp-json\/wp\/v2\/pages\/37"}],"collection":[{"href":"https:\/\/deselbiana.pl\/index.php\/wp-json\/wp\/v2\/pages"}],"about":[{"href":"https:\/\/deselbiana.pl\/index.php\/wp-json\/wp\/v2\/types\/page"}],"author":[{"embeddable":true,"href":"https:\/\/deselbiana.pl\/index.php\/wp-json\/wp\/v2\/users\/1"}],"replies":[{"embeddable":true,"href":"https:\/\/deselbiana.pl\/index.php\/wp-json\/wp\/v2\/comments?post=37"}],"version-history":[{"count":7,"href":"https:\/\/deselbiana.pl\/index.php\/wp-json\/wp\/v2\/pages\/37\/revisions"}],"predecessor-version":[{"id":85,"href":"https:\/\/deselbiana.pl\/index.php\/wp-json\/wp\/v2\/pages\/37\/revisions\/85"}],"wp:attachment":[{"href":"https:\/\/deselbiana.pl\/index.php\/wp-json\/wp\/v2\/media?parent=37"}],"curies":[{"name":"wp","href":"https:\/\/api.w.org\/{rel}","templated":true}]}}